{"id":58509,"date":"2024-07-20T23:51:09","date_gmt":"2024-07-20T21:51:09","guid":{"rendered":"https:\/\/andanafoto.com\/?page_id=58509"},"modified":"2024-10-28T10:26:50","modified_gmt":"2024-10-28T09:26:50","slug":"log-in-to-comment","status":"publish","type":"page","link":"https:\/\/andanafoto.com\/en\/log-in-to-comment\/","title":{"rendered":"Log in to comment"},"content":{"rendered":"<div class=\"wpb-content-wrapper\"><p>[vc_row][vc_column width=&#8221;1\/4&#8243;][\/vc_column][vc_column width=&#8221;1\/2&#8243;][vc_column_text css=&#8221;&#8221;]<div id=\"wppb-login-wrap\" class=\"wppb-user-forms\">\n\t\t<form name=\"wppb-loginform\" id=\"wppb-loginform\" class=\"\" action=\"https:\/\/andanafoto.com\/en\/wp-json\/wp\/v2\/pages\/58509\" method=\"post\">\n\t\t\t\n\t\t\t<p class=\"wppb-form-field login-username\">\n\t\t\t\t<label for=\"wppb_user_login\">Email<\/label>\n\t\t\t\t<input type=\"email\" name=\"log\" id=\"wppb_user_login\" class=\"input\" value=\"\" size=\"20\" \/>\n\t\t\t<\/p>\n\t\t\t<p class=\"wppb-form-field login-password\">\n\t\t\t\t<label for=\"wppb_user_pass\">Password<\/label>\n\t\t\t\t<span class=\"wppb-password-field-container\">\n\t\t\t\t    <input type=\"password\" name=\"pwd\" id=\"wppb_user_pass\" class=\"input\" value=\"\" size=\"20\" \/>\n\t\t\t\t     <!-- add the HTML for the visibility toggle -->\n\t\t\t\t<\/span>\n            <\/p>\n\t\t\t\n\t\t\t<div class=\"wppb-form-field wppb-recaptcha wppb-recaptcha-v2\"><label for=\"recaptcha_response_field\"><\/label><div id=\"wppb-recaptcha-element-pb_login1\" class=\"wppb-recaptcha-element \"><\/div><\/div>\n\t\t\t<p class=\"wppb-form-field login-remember\"><input name=\"rememberme\" type=\"checkbox\" id=\"rememberme\" value=\"forever\" \/><label for=\"rememberme\">Remember Me<\/label><\/p>\n\t\t\t<p class=\"login-submit form-submit\">\n\t\t\t\t<input type=\"submit\" name=\"wp-submit\" id=\"wppb-submit\" class=\"button button-primary\" value=\"Log In\"\" \/>\n\t\t\t\t<input type=\"hidden\" name=\"redirect_to\" value=\"https:\/\/andanafoto.com\/en\/wp-json\/wp\/v2\/pages\/58509\" \/>\n\t\t\t<\/p>\n\t\t\t<input type=\"hidden\" name=\"wppb_login\" value=\"true\"\/>\n\t\t\t<input type=\"hidden\" name=\"wppb_form_location\" value=\"widget\"\/>\n\t\t\t<input type=\"hidden\" name=\"wppb_request_url\" value=\"https:\/\/andanafoto.com\/en\/wp-json\/wp\/v2\/pages\/58509\"\/>\n\t\t\t<input type=\"hidden\" name=\"wppb_lostpassword_url\" value=\"https:\/\/andanafoto.com\/?page_id=58160\"\/>\n\t\t\t<input type=\"hidden\" name=\"wppb_redirect_priority\" value=\"\"\/>\n\t\t\t<input type=\"hidden\" name=\"wppb_referer_url\" value=\"\"\/>\n\t\t\t<input type=\"hidden\" id=\"CSRFToken-wppb\" name=\"CSRFToken-wppb\" value=\"cf70666f66\" \/><input type=\"hidden\" name=\"_wp_http_referer\" value=\"\/en\/wp-json\/wp\/v2\/pages\/58509\" \/>\n\t\t\t<input type=\"hidden\" name=\"wppb_redirect_check\" value=\"true\"\/>\n\t\t\t\n\t\t<\/form><script>window.onload = function() { jQuery(document).ready(function($) { $(\"input[name=\\\"log\\\"]\").on(\"keyup\", function() { $(this).val( $.trim($(this).val()) ); }); }); }<\/script><p class=\"login-register-lost-password\"><a class=\"login-lost-password\" href=\"https:\/\/andanafoto.com\/?page_id=58160\">Lost your password?<\/a><\/p><\/div>[\/vc_column_text][vc_empty_space height=&#8221;15&#8243;][vc_column_text css=&#8221;&#8221;]<a href=\"https:\/\/andanafoto.com\/en\/recover-password\/\">Recover password<\/a>[\/vc_column_text][vc_column_text css=&#8221;&#8221;]<a href=\"https:\/\/andanafoto.com\/en\/create-an-account\/\">Create an account<\/a>[\/vc_column_text][vc_empty_space height=&#8221;10&#8243;][vc_column_text css=&#8221;&#8221;]<a href=\"https:\/\/andanafoto.com\/iniciar-sesion\/\">Versi\u00f3n en Espa\u00f1ol aqu\u00ed.<\/a>[\/vc_column_text][vc_empty_space height=&#8221;15&#8243;][\/vc_column][vc_column width=&#8221;1\/4&#8243;][\/vc_column][\/vc_row]<\/p>\n<\/div>","protected":false},"excerpt":{"rendered":"<p>[vc_row][vc_column width=&#8221;1\/4&#8243;][\/vc_column][vc_column width=&#8221;1\/2&#8243;][vc_column_text css=&#8221;&#8221;][\/vc_column_text][vc_empty_space height=&#8221;15&#8243;][vc_column_text css=&#8221;&#8221;]Recover password[\/vc_column_text][vc_column_text css=&#8221;&#8221;]Create an account[\/vc_column_text][vc_empty_space height=&#8221;10&#8243;][vc_column_text css=&#8221;&#8221;]Versi\u00f3n en Espa\u00f1ol aqu\u00ed.[\/vc_column_text][vc_empty_space height=&#8221;15&#8243;][\/vc_column][vc_column width=&#8221;1\/4&#8243;][\/vc_column][\/vc_row]<\/p>\n","protected":false},"author":1,"featured_media":0,"parent":0,"menu_order":0,"comment_status":"closed","ping_status":"closed","template":"","meta":{"episode_type":"","audio_file":"","podmotor_file_id":"","podmotor_episode_id":"","cover_image":"","cover_image_id":"","duration":"","filesize":"","filesize_raw":"","date_recorded":"","explicit":"","block":"","itunes_episode_number":"","itunes_title":"","itunes_season_number":"","itunes_episode_type":"","footnotes":""},"class_list":["post-58509","page","type-page","status-publish","hentry","description-off"],"_links":{"self":[{"href":"https:\/\/andanafoto.com\/en\/wp-json\/wp\/v2\/pages\/58509","targetHints":{"allow":["GET"]}}],"collection":[{"href":"https:\/\/andanafoto.com\/en\/wp-json\/wp\/v2\/pages"}],"about":[{"href":"https:\/\/andanafoto.com\/en\/wp-json\/wp\/v2\/types\/page"}],"author":[{"embeddable":true,"href":"https:\/\/andanafoto.com\/en\/wp-json\/wp\/v2\/users\/1"}],"replies":[{"embeddable":true,"href":"https:\/\/andanafoto.com\/en\/wp-json\/wp\/v2\/comments?post=58509"}],"version-history":[{"count":5,"href":"https:\/\/andanafoto.com\/en\/wp-json\/wp\/v2\/pages\/58509\/revisions"}],"predecessor-version":[{"id":58529,"href":"https:\/\/andanafoto.com\/en\/wp-json\/wp\/v2\/pages\/58509\/revisions\/58529"}],"wp:attachment":[{"href":"https:\/\/andanafoto.com\/en\/wp-json\/wp\/v2\/media?parent=58509"}],"curies":[{"name":"wp","href":"https:\/\/api.w.org\/{rel}","templated":true}]}}